{"id":616,"date":"2024-07-26T12:55:20","date_gmt":"2024-07-26T12:55:20","guid":{"rendered":"https:\/\/merithouse.pl\/?page_id=616"},"modified":"2024-07-26T12:58:05","modified_gmt":"2024-07-26T12:58:05","slug":"pliki-cookies","status":"publish","type":"page","link":"https:\/\/merithouse.pl\/index.php\/pliki-cookies\/","title":{"rendered":"Pliki cookies"},"content":{"rendered":"\t\t<div data-elementor-type=\"wp-page\" data-elementor-id=\"616\" class=\"elementor elementor-616\" data-elementor-post-type=\"page\">\n\t\t\t\t\t\t<section class=\"elementor-section elementor-top-section elementor-element elementor-element-1328dec8 elementor-section-boxed elementor-section-height-default elementor-section-height-default\" data-id=\"1328dec8\" data-element_type=\"section\">\n\t\t\t\t\t\t<div class=\"elementor-container elementor-column-gap-default\">\n\t\t\t\t\t<div class=\"elementor-column elementor-col-100 elementor-top-column elementor-element elementor-element-10060c0f\" data-id=\"10060c0f\" data-element_type=\"column\">\n\t\t\t<div class=\"elementor-widget-wrap elementor-element-populated\">\n\t\t\t\t\t\t<div class=\"elementor-element elementor-element-bba3713 elementor-widget elementor-widget-text-editor\" data-id=\"bba3713\" data-element_type=\"widget\" data-widget_type=\"text-editor.default\">\n\t\t\t\t<div class=\"elementor-widget-container\">\n\t\t\t<style>\/*! elementor - v3.21.0 - 15-04-2024 *\/\n.elementor-widget-text-editor.elementor-drop-cap-view-stacked .elementor-drop-cap{background-color:#69727d;color:#fff}.elementor-widget-text-editor.elementor-drop-cap-view-framed .elementor-drop-cap{color:#69727d;border:3px solid;background-color:transparent}.elementor-widget-text-editor:not(.elementor-drop-cap-view-default) .elementor-drop-cap{margin-top:8px}.elementor-widget-text-editor:not(.elementor-drop-cap-view-default) .elementor-drop-cap-letter{width:1em;height:1em}.elementor-widget-text-editor .elementor-drop-cap{float:left;text-align:center;line-height:1;font-size:50px}.elementor-widget-text-editor .elementor-drop-cap-letter{display:inline-block}<\/style>\t\t\t\t<p><!-- wp:heading --><\/p>\n<p class=\"p1\"><span class=\"s1\"><b>POLITYKA COOKIES<\/b><\/span><\/p>\n<p class=\"p3\"><span class=\"s1\">Korzystamy z plik\u00f3w cookies w celu poprawienia efektywno\u015bci i zaproponowania U\u017cytkownikowi coraz doskonalszych funkcjonalno\u015bci serwisu internetowego https:\/\/merithouse.pl<\/span><span class=\"s2\"><span class=\"Apple-converted-space\">\u00a0\u00a0<\/span><\/span><span class=\"s1\">oraz bardziej dopasowanych do U\u017cytkownika tre\u015bci. W celu zapewnienia przejrzysto\u015bci dzia\u0142a\u0144 zostaje przyj\u0119ta niniejsza Polityka Cookies, kt\u00f3ra okre\u015bla szczeg\u00f3\u0142owe zasady korzystania przez serwis internetowy z plik\u00f3w cookies.<\/span><\/p>\n<p class=\"p3\"><span class=\"s1\">Dane za pomoc\u0105 plik\u00f3w cookies gromadzone s\u0105 przez MERIT HOUSE \u00a0Sp. z\u00a0o.o. Sp\u00f3\u0142ka z\u00a0ograniczon\u0105 odpowiedzialno\u015bci\u0105 z\u00a0siedzib\u0105 w\u00a0Warszawie, adres: ul.\u00a0Ostaszewska 4, 01-993 Warszawa, wpisana do\u00a0rejestru przedsi\u0119biorc\u00f3w Krajowego Rejestru S\u0105dowego prowadzonego przez S\u0105d Rejonowy dla m. st. Warszawy w Warszawie, XII Wydzia\u0142 Gospodarczy Krajowego Rejestru S\u0105dowego pod numerem KRS 0000934514, NIP 1182231986, REGON 520520352.<\/span><\/p>\n<p class=\"p3\"><span class=\"s1\">U\u017cytkownikiem jest ka\u017cda osoba, kt\u00f3rej dane dotycz\u0105, korzystaj\u0105ca z naszego serwisu internetowego oraz innych powi\u0105zanych z nim witryn, komunikacji oraz us\u0142ug. (dalej jako\u00a0<i>U\u017cytkownik<\/i>).<\/span><\/p>\n<p class=\"p3\"><span class=\"s1\"><b>I. PLIKI COOKIES<\/b><\/span><\/p>\n<p class=\"p3\"><span class=\"s1\">Pliki cookies (\u201eciasteczka\u201d) to fragmenty kodu, kt\u00f3re s\u0105 plikami tekstowymi odpowiadaj\u0105cymi zapytaniom HTTP kierowanym do naszego serwera. Pliki te zapisywane s\u0105 przez ka\u017cd\u0105 przegl\u0105dark\u0119, z kt\u00f3rej U\u017cytkownik odwiedza nasz serwis. Dzi\u0119ki informacjom zawartym w plikach cookies wiemy, w jaki spos\u00f3b U\u017cytkownicy korzystaj\u0105 z naszego serwisu.<\/span><\/p>\n<p class=\"p3\"><span class=\"s1\">Pliki cookies s\u0142u\u017c\u0105 nam do zapewnienia optymalnej obs\u0142ugi wizyty U\u017cytkownika w serwisie oraz umo\u017cliwiaj\u0105 szybszy i \u0142atwiejszy dost\u0119p do informacji. Przechowywana informacja lub uzyskiwanie do niej dost\u0119pu nie powoduje zmian konfiguracyjnych w urz\u0105dzeniu U\u017cytkownika i oprogramowaniu na nim zainstalowanym.<\/span><\/p>\n<p class=\"p3\"><span class=\"s1\">Informacje zawarte w plikach cookies uznawane s\u0105 za dane osobowe jedynie w powi\u0105zaniu z innymi danymi osobowymi dost\u0119pnymi na temat danego U\u017cytkownika. My za pomoc\u0105 plik\u00f3w cookies zbieramy o U\u017cytkowniku jedynie anonimowe dane, s\u0142u\u017c\u0105ce do wygody korzystania z portalu oraz minimalizacji uci\u0105\u017cliwo\u015bci reklam. Nie zbieramy \u017cadnych danych pozwalaj\u0105cych na identyfikacj\u0119 U\u017cytkownika.<\/span><\/p>\n<p class=\"p3\"><span class=\"s1\"><b>II. RODZAJE PLIK\u00d3W COOKIES<\/b><\/span><\/p>\n<p class=\"p3\"><span class=\"s1\">W serwisie wykorzystywane s\u0105 dwa rodzaje plik\u00f3w cookies:<\/span><\/p>\n<p class=\"p3\"><span class=\"s1\">Cookies sesyjne \u2013 s\u0105 to pliki tymczasowe, kt\u00f3re pozostaj\u0105 na urz\u0105dzeniu U\u017cytkownika a\u017c do opuszczenia przez niego serwisu lub wy\u0142\u0105czenia przegl\u0105darki internetowej. W takim przypadku informacje zapisane w plikach cookies sesyjnych s\u0105 automatycznie usuwane.<\/span><\/p>\n<p class=\"p3\"><span class=\"s1\">Cookies sta\u0142e (permanentne) \u2013 s\u0105 to pliki, kt\u00f3re pozostaj\u0105 na urz\u0105dzeniu U\u017cytkownika przez okre\u015blony w parametrach plik\u00f3w cookies okres lub do momentu ich r\u0119cznego usuni\u0119cia.<\/span><\/p>\n<p class=\"p3\"><span class=\"s1\"><b>III. CELE KORZYSTANIA Z PLIK\u00d3W COOKIES<\/b><\/span><\/p>\n<p class=\"p3\"><span class=\"s1\">Korzystamy z plik\u00f3w cookies w celu rozpoznawania U\u017cytkownika podczas jego wizyt na naszym serwisie, zapami\u0119tywania jego preferencji oraz wy\u015bwietlania mu odpowiednich, dostosowanych do niego tre\u015bci. Dzi\u0119ki plikom cookies interakcje U\u017cytkownika z nami s\u0105 szybsze i bardziej skuteczne. Ponadto pliki cookies umo\u017cliwiaj\u0105 nam prezentowanie U\u017cytkownikowi dopasowanych do niego tre\u015bci, bez konieczno\u015bci przeprowadzania ankiet.<\/span><\/p>\n<p class=\"p3\"><span class=\"s1\">Poni\u017cej opisane zosta\u0142y poszczeg\u00f3lne kategorie, w kt\u00f3rych wykorzystywane s\u0105 pliki cookies na naszym serwisie:<\/span><\/p>\n<p class=\"p3\"><span class=\"s1\"><b>Autoryzacja<\/b>\u00a0\u2013 Korzystamy z plik\u00f3w cookies w celu uwierzytelniania U\u017cytkownika, tj. przeprowadzenia rozpoznania U\u017cytkownika w naszym serwisie. Tego typu pliki cookies umo\u017cliwiaj\u0105 przechodzenie mi\u0119dzy stronami w witrynie bez konieczno\u015bci ponownego logowania si\u0119 na ka\u017cdej stronie. W przypadku rozpoznania U\u017cytkownika, przedstawiane s\u0105 mu w\u0142a\u015bciwe informacje odpowiadaj\u0105ce jego preferencjom.<\/span><\/p>\n<p class=\"p3\"><span class=\"s1\"><b>Analiza i statystyka<\/b>\u00a0\u2013 Korzystamy z plik\u00f3w cookies w zakresie prowadzenia dzia\u0142a\u0144 analitycznych i statystycznych w celu sta\u0142ego ulepszania oferowanych produkt\u00f3w i us\u0142ug, zapewnienia lepszych rozwi\u0105za\u0144 oraz dodawania nowych funkcji i mo\u017cliwo\u015bci.<\/span><\/p>\n<p class=\"p3\"><span class=\"s1\"><b>Preferencje i ustawienia<\/b>\u00a0\u2013 Korzystamy z plik\u00f3w cookies w celu zapami\u0119tywania ustawie\u0144 i konfiguracji stron naszego serwisu oraz wybranych element\u00f3w, w tym widok\u00f3w stron oraz preferowanego j\u0119zyka U\u017cytkownika.<\/span><\/p>\n<p class=\"p3\"><span class=\"s1\"><b>Reklama<\/b>\u00a0\u2013 Korzystamy z plik\u00f3w cookies w celu dostarczenia U\u017cytkownikowi zar\u00f3wno og\u00f3lnych, jak i dostosowanych do niego reklam.<\/span><\/p>\n<p class=\"p3\"><span class=\"s1\"><b>III. WY\u0141\u0104CZENIE OBS\u0141UGI PLIK\u00d3W COOKIES<\/b><\/span><\/p>\n<p class=\"p3\"><span class=\"s1\">Przegl\u0105darki internetowe domy\u015blnie dopuszczaj\u0105 przechowywanie plik\u00f3w cookies. Je\u015bli U\u017cytkownik nie chce otrzymywa\u0107 plik\u00f3w cookies, mo\u017ce zmieni\u0107 ustawienia swojej przegl\u0105darki na komputerze lub innym urz\u0105dzeniu, z kt\u00f3rego korzysta w celu dost\u0119pu do naszego serwisu. Dalsze korzystanie przez U\u017cytkownika z naszego serwisu bez zmiany ustawie\u0144 oznacza, \u017ce U\u017cytkownik zgadza si\u0119 na otrzymywanie wszystkich plik\u00f3w cookies w naszym serwisie.<\/span><\/p>\n<p class=\"p3\"><span class=\"s1\">Wi\u0119kszo\u015b\u0107 przegl\u0105darek internetowych posiada funkcj\u0119, kt\u00f3ra pozwala U\u017cytkownikowi przegl\u0105da\u0107 i usuwa\u0107 pliki cookie, w tym pliki cookie w naszym serwisie. Jednak\u017ce podkre\u015bli\u0107 nale\u017cy, \u017ce brak mo\u017cliwo\u015bci zapisywania lub odczytywania plik\u00f3w cookies przez stron\u0119 internetow\u0105 naszego serwisu mo\u017ce uniemo\u017cliwi\u0107 pe\u0142ne i poprawne korzystanie z naszego serwisu.<\/span><\/p>\n<p class=\"p3\"><span class=\"s1\">Je\u017celi U\u017cytkownik u\u017cywa r\u00f3\u017cnych urz\u0105dze\u0144 do uzyskania dost\u0119pu do naszego serwisu oraz jego przegl\u0105dania (np. komputera, smartfona, tabletu) powinien upewni\u0107 si\u0119, \u017ce ka\u017cda przegl\u0105darka na ka\u017cdym urz\u0105dzeniu dostosowana jest do preferencji zwi\u0105zanych z plikami cookies.<\/span><\/p>\n<p class=\"p3\"><span class=\"s1\">Spos\u00f3b wy\u0142\u0105czenia obs\u0142ugi plik\u00f3w cookies zale\u017cy od przegl\u0105darki, z kt\u00f3rej U\u017cytkownik korzysta. Poni\u017cej wskazany zosta\u0142 spos\u00f3b, w jaki U\u017cytkownik mo\u017ce wy\u0142\u0105czy\u0107 obs\u0142ug\u0119 plik\u00f3w cookies w przegl\u0105darce Google Chrome, Firefox, Safari, Opera oraz Internet Explorer.<\/span><\/p>\n<p class=\"p3\"><span class=\"s1\"><b>Wy\u0142\u0105czenie obs\u0142ugi plik\u00f3w cookies w przegl\u0105darce Google Chrome<\/b><\/span><\/p>\n<p class=\"p3\"><span class=\"s1\">W prawy g\u00f3rnym rogu przy pasku adresu przegl\u0105darki Google Chrome wybierz\u00a0<i>Dostosowywanie i kontrolowanie Google Chrome<\/i>\u00a0(trzy poziome linie)<\/span><\/p>\n<p class=\"p3\"><span class=\"s1\">Wybierz\u00a0<i>Ustawienia<\/i>.<\/span><\/p>\n<p class=\"p3\"><span class=\"s1\">Zjed\u017a na d\u00f3\u0142 okna i kliknij\u00a0<i>Poka\u017c ustawienia zaawansowane<\/i>\u2026<\/span><\/p>\n<p class=\"p3\"><span class=\"s1\">W sekcji\u00a0<i>Prywatno\u015b\u0107<\/i>\u00a0kliknij przycisk\u00a0<i>Ustawienia tre\u015bci<\/i>.<\/span><\/p>\n<p class=\"p3\"><span class=\"s1\">W sekcji\u00a0<i>Pliki cookies<\/i>\u00a0mo\u017cesz zmieni\u0107 nast\u0119puj\u0105ce ustawienia plik\u00f3w cookies:<\/span><\/p>\n<p class=\"p3\"><span class=\"s1\"><i>Blokuj pr\u00f3by umieszczania na komputerze danych z witryn<\/i><\/span><\/p>\n<p class=\"p3\"><span class=\"s1\"><i>Blokuj pliki cookies i dane z witryn innych firm<\/i>\u00a0\u2013 : zaznacz pole wyboru Ignoruj wyj\u0105tki i blokuj tworzenie plik\u00f3w cookies innych firm.<\/span><\/p>\n<p class=\"p7\"><span class=\"s1\">Wi\u0119cej informacji o ustawieniach przegl\u0105darki Google Chrome:<\/span><\/p>\n<p class=\"p8\"><span class=\"s3\"><a href=\"https:\/\/support.google.com\/chrome\/#topic=7438008\">https:\/\/support.google.com\/chrome\/#topic=7438008<\/a><\/span><\/p>\n<p class=\"p9\"><span class=\"s1\"><b>Wy\u0142\u0105czenie obs\u0142ugi plik\u00f3w cookies w przegl\u0105darce Firefox<\/b><\/span><\/p>\n<p class=\"p10\"><span class=\"s1\">W prawym g\u00f3rnym rogu okna przegl\u0105darki Firefox kliknij\u00a0<i>Otw\u00f3rz menu<\/i>\u00a0(trzy poziome kreski) i wybierz\u00a0<i>Opcje<\/i>.<\/span><\/p>\n<p class=\"p10\"><span class=\"s1\">Nast\u0119pnie wybierz zak\u0142adk\u0119\u00a0<i>Prywatno\u015b\u0107<\/i>.<\/span><\/p>\n<p class=\"p10\"><span class=\"s1\">Z menu rozwijanego w sekcji\u00a0<i>Historia<\/i>\u00a0wybierz opcj\u0119:\u00a0<i>Program Firefox: b\u0119dzie u\u017cywa\u0142 ustawie\u0144 u\u017cytkownika.<\/i><\/span><\/p>\n<p class=\"p10\"><span class=\"s1\">Zaznacz\u00a0<i>Akceptuj ciasteczka<\/i>\u00a0\u2013 by w\u0142\u0105czy\u0107, odznacz \u2013 by wy\u0142\u0105czy\u0107 obs\u0142ug\u0119 ciasteczek.<\/span><\/p>\n<p class=\"p10\"><span class=\"s1\">Wybierz okres przechowywania ciasteczek:<\/span><\/p>\n<p class=\"p10\"><span class=\"s1\"><i>Przechowuj: a\u017c wygasn\u0105<\/i>\u00a0\u2013 ciasteczko zostanie usuni\u0119te po osi\u0105gni\u0119ciu daty wyga\u015bni\u0119cia, kt\u00f3ra jest okre\u015blana przez witryn\u0119 wysy\u0142aj\u0105c\u0105 ciasteczko.<\/span><\/p>\n<p class=\"p10\"><span class=\"s1\"><i>Przechowuj: do zamkni\u0119cia programu Firefox<\/i>\u00a0\u2013 ciasteczka przechowywane na komputerze b\u0119d\u0105 usuwane przy zamkni\u0119ciu Firefoxa.<\/span><\/p>\n<p class=\"p10\"><span class=\"s1\"><i>Przechowuj: pytaj za ka\u017cdym razem<\/i>\u00a0\u2013 za ka\u017cdym razem, gdy witryna pr\u00f3buje wys\u0142a\u0107 ciasteczko, przegl\u0105darka wy\u015bwietli monit z pro\u015bb\u0105 o podj\u0119cie decyzji w sprawie przechowywania ciasteczka.<\/span><\/p>\n<p class=\"p10\"><span class=\"s1\">Zamknij okno opcji, aby zapisa\u0107 ustawienia<\/span><\/p>\n<p class=\"p12\"><span class=\"s4\">Wi\u0119cej informacji o ustawieniach przegl\u0105darki Firefox:\u00a0<a href=\"https:\/\/support.mozilla.org\/pl\/kb\/W%25C5%2582%25C4%2585czanie%2520i%2520wy%25C5%2582%25C4%2585czanie%2520obs%25C5%2582ugi%2520ciasteczek\"><span class=\"s3\">https:\/\/support.mozilla.org\/pl\/kb\/W%C5%82%C4%85czanie%20i%20wy%C5%82%C4%85czanie%20obs%C5%82ugi%20ciasteczek<\/span><\/a><\/span><\/p>\n<p class=\"p3\"><span class=\"s1\"><b>Wy\u0142\u0105czenie obs\u0142ugi plik\u00f3w cookies w przegl\u0105darce Safari<\/b><\/span><\/p>\n<p class=\"p7\"><span class=\"s1\">Wybierz polecenie menu\u00a0<i>Safari &gt; Preferencje<\/i>, kliknij w\u00a0<i>Prywatno\u015b\u0107<\/i>, a nast\u0119pnie wykonaj dowoln\u0105 z poni\u017cszych czynno\u015bci:<\/span><\/p>\n<p class=\"p7\"><span class=\"s1\">Zmienianie sposobu akceptowania plik\u00f3w cookies i danych witryn: Wybierz jedn\u0105 z opcji obok etykiety Pliki cookies i dane witryn:<\/span><\/p>\n<p class=\"p3\"><span class=\"s1\"><i>Zawsze blokuj:<\/i>\u00a0Safari nie pozwala witrynom, innym podmiotom oraz reklamodawcom na przechowywanie plik\u00f3w cookies oraz innych danych na Twoim Macu. Mo\u017ce to uniemo\u017cliwi\u0107 niekt\u00f3rym witrynom poprawne dzia\u0142anie.<\/span><\/p>\n<p class=\"p3\"><span class=\"s1\"><i>Tylko z bie\u017c\u0105cej witryny:<\/i>\u00a0Safari przyjmuje pliki cookies oraz dane witryn tylko od aktualnie wy\u015bwietlanej witryny. Witryny internetowe cz\u0119sto zawieraj\u0105 osadzone elementy pochodz\u0105ce z innych \u017ar\u00f3de\u0142. Safari nie pozwala tym innym podmiotom na przechowywanie i dost\u0119p do plik\u00f3w cookie i innych danych.<\/span><\/p>\n<p class=\"p3\"><span class=\"s1\"><i>Z odwiedzonych witryn<\/i>: Safari przyjmuje pliki cookies oraz dane witryn tylko od tych witryn, kt\u00f3re odwiedzasz. Safari u\u017cywa istniej\u0105cych plik\u00f3w cookies, aby ustali\u0107, czy dana witryna zosta\u0142a ju\u017c wcze\u015bniej przez Ciebie odwiedzona. Zaznaczenie tego pola wyboru pomaga w uniemo\u017cliwianiu przechowywania na Macu plik\u00f3w cookies i innych danych witrynom zawieraj\u0105cym osadzone materia\u0142y z innych witryn.<\/span><\/p>\n<p class=\"p3\"><span class=\"s1\"><i>Zawsze pozwalaj:<\/i>\u00a0Safari pozwala wszystkim witrynom, innym podmiotom oraz reklamodawcom przechowywa\u0107 pliki cookies oraz inne dane na Twoim Macu.<\/span><\/p>\n<p class=\"p7\"><span class=\"s1\">Wi\u0119cej informacji o ustawieniach przegl\u0105darki Safari:<\/span><\/p>\n<p class=\"p8\"><span class=\"s3\"><a href=\"https:\/\/support.apple.com\/kb\/PH19214?viewlocale=pl_PL&amp;locale=pl_PL\">https:\/\/support.apple.com\/kb\/PH19214?viewlocale=pl_PL&amp;locale=pl_PL<\/a><\/span><\/p>\n<p class=\"p3\"><span class=\"s1\"><b>Wy\u0142\u0105czenie obs\u0142ugi plik\u00f3w cookies w przegl\u0105darce Opera<\/b><\/span><\/p>\n<p class=\"p3\"><span class=\"s1\">Ustawienia ciasteczek\u00a0<i>Ustawienia &gt; Preferencje &gt; Zaawansowane &gt; Ciasteczka<\/i><\/span><\/p>\n<p class=\"p3\"><span class=\"s1\">W przegl\u0105darce Opera dost\u0119pne sa nast\u0119puj\u0105ce opcje:<\/span><\/p>\n<p class=\"p3\"><span class=\"s1\"><i>Akceptuj ciasteczka<\/i>\u00a0\u2013 wszystkie ciasteczka s\u0105 przyjmowane (opcja ustawiona domy\u015blnie).<\/span><\/p>\n<p class=\"p3\"><span class=\"s1\"><i>Akceptuj ciasteczka tylko z witryny, kt\u00f3r\u0105 odwiedzam<\/i>\u00a0\u2013 wszystkie ciasteczka pochodz\u0105ce z domen innych, ni\u017c odwiedzana domena, s\u0105 odrzucane.<\/span><\/p>\n<p class=\"p3\"><span class=\"s1\"><i>Nigdy nie akceptuj ciasteczek \u2013<\/i>\u00a0wszystkie ciasteczka s\u0105 odrzucane.\u00a0<\/span><\/p>\n<p class=\"p13\"><span class=\"s1\">Wi\u0119cej informacji o ustawieniach przegl\u0105darki Opera:<\/span><\/p>\n<p class=\"p14\"><span class=\"s3\"><a href=\"http:\/\/help.opera.com\/Windows\/12.10\/pl\/cookies.html\">http:\/\/help.opera.com\/Windows\/12.10\/pl\/cookies.html<\/a><\/span><\/p>\n<p class=\"p3\"><span class=\"s1\"><b>Wy\u0142\u0105czenie obs\u0142ugi plik\u00f3w cookies w przegl\u0105darce Internet Explorer<\/b><\/span><\/p>\n<p class=\"p3\"><span class=\"s1\">W oknie przegl\u0105darki kliknij przycisk\u00a0<i>Narz\u0119dzia<\/i>, a nast\u0119pnie wybierz\u00a0<i>Opcje internetowe.<\/i><\/span><\/p>\n<p class=\"p3\"><span class=\"s1\">Kliknij kart\u0119\u00a0<i>Prywatno\u015b\u0107<\/i>, a nast\u0119pnie w obszarze\u00a0<i>Ustawienia<\/i>\u00a0przesu\u0144 suwak do najwy\u017cszego po\u0142o\u017cenia, aby zablokowa\u0107 wszystkie pliki cookies, lub do najni\u017cszego po\u0142o\u017cenia, aby zezwoli\u0107 na wszystkie pliki cookies, a nast\u0119pnie kliknij przycisk OK.<\/span><\/p>\n<p class=\"p16\"><span class=\"s1\">Wi\u0119cej informacji o ustawieniach przegl\u0105darki Internet Explorer:<\/span><span class=\"s2\">\u00a0<a href=\"https:\/\/support.microsoft.com\/pl-pl\/products\/windows?os=windows-7\"><span class=\"s5\">https:\/\/support.microsoft.com\/pl-pl\/products\/windows?os=windows-7<\/span><\/a><\/span><\/p>\n<p class=\"p3\"><span class=\"s1\"><b>IV. INFORMACJE KONTAKTOWE<\/b><\/span><\/p>\n<p class=\"p3\"><span class=\"s1\">W celu uzyskania jakichkolwiek informacji dotycz\u0105cych niniejszej Polityki Cookies udost\u0119pniamy na naszym serwisie internetowym formularz kontaktowy, dzi\u0119ki kt\u00f3remu U\u017cytkownik mo\u017ce skontaktowa\u0107 si\u0119 z nami.<\/span><\/p>\n<p class=\"p3\"><span class=\"s1\">Ponadto istnieje r\u00f3wnie\u017c mo\u017cliwo\u015b\u0107 kontaktu drog\u0105 pocztow\u0105. Dane kontaktowe to:<\/span><\/p>\n<p>Dane kontaktowe Administratora to: MERIT HOUSE \u00a0Sp. z\u00a0o.o.,\u00a0 ul.\u00a0Ostaszewska 4, 01-993 Warszawa<\/p>\n<p>\u00a0<\/p>\n<p><!-- \/wp:paragraph --><\/p>\t\t\t\t\t\t<\/div>\n\t\t\t\t<\/div>\n\t\t\t\t\t<\/div>\n\t\t<\/div>\n\t\t\t\t\t<\/div>\n\t\t<\/section>\n\t\t\t\t<\/div>\n\t\t","protected":false},"excerpt":{"rendered":"<p>POLITYKA COOKIES Korzystamy z plik\u00f3w cookies w celu poprawienia efektywno\u015bci i zaproponowania U\u017cytkownikowi coraz doskonalszych funkcjonalno\u015bci serwisu internetowego https:\/\/merithouse.pl\u00a0\u00a0oraz bardziej dopasowanych do U\u017cytkownika tre\u015bci. W celu zapewnienia przejrzysto\u015bci dzia\u0142a\u0144 zostaje przyj\u0119ta niniejsza Polityka Cookies, kt\u00f3ra okre\u015bla szczeg\u00f3\u0142owe zasady korzystania przez serwis internetowy z plik\u00f3w cookies. Dane za pomoc\u0105 plik\u00f3w cookies gromadzone s\u0105 przez MERIT HOUSE [&hellip;]<\/p>\n","protected":false},"author":1,"featured_media":0,"parent":0,"menu_order":0,"comment_status":"closed","ping_status":"closed","template":"","meta":{"inline_featured_image":false,"footnotes":""},"class_list":["post-616","page","type-page","status-publish","hentry"],"_links":{"self":[{"href":"https:\/\/merithouse.pl\/index.php\/wp-json\/wp\/v2\/pages\/616","targetHints":{"allow":["GET"]}}],"collection":[{"href":"https:\/\/merithouse.pl\/index.php\/wp-json\/wp\/v2\/pages"}],"about":[{"href":"https:\/\/merithouse.pl\/index.php\/wp-json\/wp\/v2\/types\/page"}],"author":[{"embeddable":true,"href":"https:\/\/merithouse.pl\/index.php\/wp-json\/wp\/v2\/users\/1"}],"replies":[{"embeddable":true,"href":"https:\/\/merithouse.pl\/index.php\/wp-json\/wp\/v2\/comments?post=616"}],"version-history":[{"count":4,"href":"https:\/\/merithouse.pl\/index.php\/wp-json\/wp\/v2\/pages\/616\/revisions"}],"predecessor-version":[{"id":620,"href":"https:\/\/merithouse.pl\/index.php\/wp-json\/wp\/v2\/pages\/616\/revisions\/620"}],"wp:attachment":[{"href":"https:\/\/merithouse.pl\/index.php\/wp-json\/wp\/v2\/media?parent=616"}],"curies":[{"name":"wp","href":"https:\/\/api.w.org\/{rel}","templated":true}]}}